{"id":7,"date":"2020-11-20T08:13:33","date_gmt":"2020-11-20T08:13:33","guid":{"rendered":"http:\/\/www.ekosystem.ostroda.pl\/?page_id=7"},"modified":"2022-11-07T11:09:23","modified_gmt":"2022-11-07T11:09:23","slug":"o-nas","status":"publish","type":"page","link":"http:\/\/www.ekosystem.ostroda.pl\/?page_id=7","title":{"rendered":"RODO"},"content":{"rendered":"<p>W zwi\u0105zku z wej\u015bciem w \u017cycie Rozporz\u0105dzenia o ochronie danych osobowych (RODO) z dnia 25.05.2018r. poni\u017cej informujemy o podawanych przez Pa\u0144stwa danych osobowych:<\/p>\n\n\n<p><strong>Administrator danych osobowych:<\/strong><\/p>\n\n\n\n<p>EKOSYSTEM S\u0142awomir Jask\u00f3\u0142owski z siedzib\u0105 w Ostr\u00f3dzie<\/p>\n\n\n\n<p>14-100 Ostr\u00f3da ul. Przemys\u0142owa 8e<\/p>\n\n\n\n<p>NIP: 741 106 85 98<\/p>\n\n\n\n<p><strong>Cele przetwarzania danych osobowych:<\/strong><\/p>\n\n\n\n<p>Pobieramy od Pa\u0144stwa nast\u0119puj\u0105ce dane:<\/p>\n\n\n\n<p>Imi\u0119 i nazwisko \/ nazwa firmy;<\/p>\n\n\n\n<p>adres zamieszkania \/ prowadzenia dzia\u0142alno\u015bci;<\/p>\n\n\n\n<p>numer dowodu osobistego \/ NIP \/ REGON \/ NUMER KRS<\/p>\n\n\n\n<p>Dane osobowe o kt\u00f3rych mowa powy\u017cej s\u0105 nam niezb\u0119dne aby m\u00f3c wype\u0142ni\u0107 formularz przyj\u0119cia odpad\u00f3w (zgodnie z art. 41 ust. Z dnia 14 grudnia 2012 o odpadach, z p\u00f3\u017aniejszymi zmianami), kt\u00f3ry jeste\u015bmy zobowi\u0105zani wystawi\u0107 a Pa\u0144stwo podpisa\u0107. Podanie danych osobowych jest dobrowolne, ale jest r\u00f3wnie\u017c warunkiem zawarcia umowy przekazania odpad\u00f3w.<\/p>\n\n\n\n<p>(art. 6 ust. 1 pkt. b RODO \u2013 warunek zawarcia umowy)<\/p>\n\n\n\n<p>(art. 6 ust. 1 pkt. c RODO \u2013 wym\u00f3g ustawowy)<\/p>\n\n\n\n<p>Przypominamy, \u017ce identyfikacja PESEL jest jedyn\u0105 identyfikacj\u0105, jaka jest ca\u0142y czas sta\u0142a \u2013 imiona, nazwisko lub dow\u00f3d mo\u017cna zmieni\u0107, podobnie jak adres zamieszkania.<\/p>\n\n\n\n<p>W przypadku gdy nie chc\u0105 Pa\u0144stwo poda\u0107 swoich danych osobowych nie mo\u017cemy zawrze\u0107 z Pa\u0144stwem umowy tym samym mamy obowi\u0105zek odmowy przyj\u0119cia przekazanych odpad\u00f3w budowlanych.<\/p>\n\n\n\n<p>Podanie danych osobowych przez Pa\u0144stwa jest dobrowolne ale jest wymogiem ustawowym. (Ustawa z dnia 14 grudnia 2012r. o odpadach, Dz.U. 2013 poz. 21, art. 102)<\/p>\n\n\n\n<p><strong>Odbiorcy danych osobowych:<\/strong><\/p>\n\n\n\n<p>Uprzejmie Pa\u0144stwa informujemy, i\u017c jedynym odbiorc\u0105 Pa\u0144stwa danych osobowych jest<\/p>\n\n\n\n<p>EKOSYSTEM S\u0142awomir Jask\u00f3\u0142owski<\/p>\n\n\n\n<p>Nie udost\u0119pniamy Pa\u0144stwa danych osobowych \u017cadnemu innemu podmiotowi ani instytucji z wyj\u0105tkiem zapyta\u0144 kierowanych do nas przez organy i instytucje ochrony prawa (policja, urz\u0119dy, prokuratura, s\u0105dy, komornicy).<\/p>\n\n\n\n<p>Sposoby przetwarzania danych osobowych:<\/p>\n\n\n\n<p>W chwili pozyskania od Pa\u0144stwa danych osobowych wprowadzane s\u0105 one na formularz przyj\u0119cia odpad\u00f3w budowlanych \/ umow\u0119, a nast\u0119pnie do naszego wewn\u0119trznego systemu komputerowego.<\/p>\n\n\n\n<p>W przypadku kolejnego przekazania odpad\u00f3w, Pa\u0144stwa dane nie s\u0105 pobierane kolejny raz<\/p>\n\n\n\n<p><strong>Uprawnienia osoby, kt\u00f3rej dane dotycz\u0105<\/strong><\/p>\n\n\n\n<p>Posiadaj\u0105 Pa\u0144stwo prawo do modyfikowania, sprostowania, \u017c\u0105dania usuni\u0119cia, prawo sprzeciwu wobec przetwarzania a tak\u017ce prawo do przenoszenia tych danych. Aby tego dokona\u0107, nale\u017cy z\u0142o\u017cy\u0107 wniosek do firmy Ekosystem S\u0142awomir Jask\u00f3\u0142owski i w terminie 14 dni zostanie on rozpatrzony.<\/p>\n","protected":false},"excerpt":{"rendered":"<p>W zwi\u0105zku z wej\u015bciem w \u017cycie Rozporz\u0105dzenia o ochronie danych osobowych (RODO) z dnia 25.05.2018r. poni\u017cej informujemy o podawanych przez Pa\u0144stwa danych osobowych: Administrator danych osobowych: EKOSYSTEM S\u0142awomir Jask\u00f3\u0142owski z siedzib\u0105 w Ostr\u00f3dzie 14-100 Ostr\u00f3da ul. Przemys\u0142owa 8e NIP: 741 106 85 98 Cele przetwarzania danych osobowych: Pobieramy od Pa\u0144stwa nast\u0119puj\u0105ce dane: Imi\u0119 i nazwisko [&hellip;]<\/p>\n","protected":false},"author":1,"featured_media":0,"parent":0,"menu_order":0,"comment_status":"closed","ping_status":"closed","template":"","meta":{"footnotes":""},"class_list":["post-7","page","type-page","status-publish","hentry"],"_links":{"self":[{"href":"http:\/\/www.ekosystem.ostroda.pl\/index.php?rest_route=\/wp\/v2\/pages\/7","targetHints":{"allow":["GET"]}}],"collection":[{"href":"http:\/\/www.ekosystem.ostroda.pl\/index.php?rest_route=\/wp\/v2\/pages"}],"about":[{"href":"http:\/\/www.ekosystem.ostroda.pl\/index.php?rest_route=\/wp\/v2\/types\/page"}],"author":[{"embeddable":true,"href":"http:\/\/www.ekosystem.ostroda.pl\/index.php?rest_route=\/wp\/v2\/users\/1"}],"replies":[{"embeddable":true,"href":"http:\/\/www.ekosystem.ostroda.pl\/index.php?rest_route=%2Fwp%2Fv2%2Fcomments&post=7"}],"version-history":[{"count":9,"href":"http:\/\/www.ekosystem.ostroda.pl\/index.php?rest_route=\/wp\/v2\/pages\/7\/revisions"}],"predecessor-version":[{"id":57,"href":"http:\/\/www.ekosystem.ostroda.pl\/index.php?rest_route=\/wp\/v2\/pages\/7\/revisions\/57"}],"wp:attachment":[{"href":"http:\/\/www.ekosystem.ostroda.pl\/index.php?rest_route=%2Fwp%2Fv2%2Fmedia&parent=7"}],"curies":[{"name":"wp","href":"https:\/\/api.w.org\/{rel}","templated":true}]}}